{"id":176,"date":"2024-03-04T22:53:12","date_gmt":"2024-03-04T22:53:12","guid":{"rendered":"https:\/\/nuhii-gmbh.ch\/?page_id=176"},"modified":"2024-03-04T22:58:32","modified_gmt":"2024-03-04T22:58:32","slug":"fenster-und-storenreinigung","status":"publish","type":"page","link":"https:\/\/nuhii-gmbh.ch\/?page_id=176","title":{"rendered":"Fenster und Storenreinigung"},"content":{"rendered":"\t\t<div data-elementor-type=\"wp-page\" data-elementor-id=\"176\" class=\"elementor elementor-176\">\n\t\t\t\t\t\t<section class=\"elementor-section elementor-top-section elementor-element elementor-element-b3fdb64 elementor-section-content-top elementor-section-boxed elementor-section-height-default elementor-section-height-default\" data-id=\"b3fdb64\" data-element_type=\"section\">\n\t\t\t\t\t\t<div class=\"elementor-container elementor-column-gap-no\">\n\t\t\t\t\t<div class=\"aux-parallax-section elementor-column elementor-col-50 elementor-top-column elementor-element elementor-element-f483c62\" data-id=\"f483c62\" data-element_type=\"column\">\n\t\t\t<div class=\"elementor-widget-wrap elementor-element-populated\">\n\t\t\t\t\t\t<div class=\"elementor-element elementor-element-33d4065 aux-appear-watch-animation aux-mask-from-left elementor-widget elementor-widget-aux_image\" data-id=\"33d4065\" data-element_type=\"widget\" data-widget_type=\"aux_image.default\">\n\t\t\t\t<div class=\"elementor-widget-container\">\n\t\t\t<section class=\"widget-container aux-widget-image aux-alignnone aux-parent-au9ed03a56\">\n    <div class=\"aux-media-hint-frame \">\n        <div class=\"aux-media-image \" >\n        \n            \n\n            \n            <img fetchpriority=\"high\" decoding=\"async\" width=\"1707\" height=\"2560\" src=\"image\/gif;base64,R0lGODlhAQABAIAAAAAAAP\/\/\/yH5BAEAAAAALAAAAAABAAEAAAIBRAA7\" class=\"aux-attachment aux-featured-image aux-attachment-id-118 aux-preload aux-blank\" alt=\"full-shot-people-cleaning-office\" data-ratio=\"0.67\" data-original-w=\"1707\" data-src=\"https:\/\/nuhii-gmbh.ch\/wp-content\/uploads\/2024\/03\/full-shot-people-cleaning-office-scaled.jpg\" \/>            \n                <\/div>\n    <\/div>\n\n<\/section><!-- widget-container -->\t\t<\/div>\n\t\t\t\t<\/div>\n\t\t\t\t\t<\/div>\n\t\t<\/div>\n\t\t\t\t<div class=\"aux-parallax-section elementor-column elementor-col-50 elementor-top-column elementor-element elementor-element-ae2b4dd\" data-id=\"ae2b4dd\" data-element_type=\"column\">\n\t\t\t<div class=\"elementor-widget-wrap elementor-element-populated\">\n\t\t\t\t\t\t<div class=\"elementor-element elementor-element-5eb6727 aux-appear-watch-animation aux-fade-in-right-1 elementor-widget elementor-widget-aux_modern_heading\" data-id=\"5eb6727\" data-element_type=\"widget\" data-widget_type=\"aux_modern_heading.default\">\n\t\t\t\t<div class=\"elementor-widget-container\">\n\t\t\t<section class=\"aux-widget-modern-heading\">\n            <div class=\"aux-widget-inner\"><h5 class=\"aux-modern-heading-primary\">Fenster- und Storenreinigung\n<\/h5><h3 class=\"aux-modern-heading-secondary\"><span class=\"aux-head-before\">Damit Sie wieder den Durchblick haben, reinigen wir Ihre Fenster streifenfrei und entfernen s\u00e4mtliche Verschmutzungen an Fensterrahmen, Simsen sowie an den Storen.<\/span><\/h3><div class=\"aux-modern-heading-description\"><p>Unsere Fenster- und Storenreinigungsdienste bieten Ihnen eine klare Sicht und ein frisches Ambiente in Ihren R\u00e4umlichkeiten. Wir verwenden professionelle Techniken und hochwertige Reinigungsmittel, um Fenster und Storen gr\u00fcndlich zu reinigen und hartn\u00e4ckigen Schmutz, Staub und Fingerabdr\u00fccke zu entfernen. Unser erfahrenes Team sorgt f\u00fcr streifenfreie Ergebnisse und maximale Kundenzufriedenheit. Egal, ob es sich um kleine Fenster in Wohnungen oder gro\u00dfe Glasfronten in Gesch\u00e4ftsgeb\u00e4uden handelt, wir k\u00fcmmern uns um Ihre Fenster und Storen mit Sorgfalt und Pr\u00e4zision. Vertrauen Sie uns, um Ihre Fenster und Storen in neuem Glanz erstrahlen zu lassen.\"<\/p><\/div><\/div>\n        <\/section>\t\t<\/div>\n\t\t\t\t<\/div>\n\t\t\t\t<div class=\"elementor-element elementor-element-ee739a1 aux-shpe-type-circle elementor-widget elementor-widget-aux_simple_shape\" data-id=\"ee739a1\" data-element_type=\"widget\" data-widget_type=\"aux_simple_shape.default\">\n\t\t\t\t<div class=\"elementor-widget-container\">\n\t\t\t    <div class=\"aux-widget-container aux-simple-shape-container\">\n        <div class=\"aux-widget-container-inner\">\n            <div class=\"aux-the-shape\"><\/div>\n        <\/div>\n    <\/div>\n    \t\t<\/div>\n\t\t\t\t<\/div>\n\t\t\t\t\t<\/div>\n\t\t<\/div>\n\t\t\t\t\t<\/div>\n\t\t<\/section>\n\t\t\t\t<\/div>\n\t\t","protected":false},"excerpt":{"rendered":"<p>Fenster- und Storenreinigung Damit Sie wieder den Durchblick haben, reinigen wir Ihre Fenster streifenfrei und entfernen s\u00e4mtliche Verschmutzungen an Fensterrahmen, Simsen sowie an den Storen. Unsere Fenster- und Storenreinigungsdienste bieten Ihnen eine klare Sicht und ein frisches Ambiente in Ihren R\u00e4umlichkeiten. Wir verwenden professionelle Techniken und hochwertige Reinigungsmittel, um Fenster und Storen gr\u00fcndlich zu reinigen [&hellip;]<\/p>\n","protected":false},"author":1,"featured_media":0,"parent":0,"menu_order":0,"comment_status":"closed","ping_status":"closed","template":"templates\/page-builder-content.php","meta":{"footnotes":""},"class_list":["post-176","page","type-page","status-publish","hentry"],"_links":{"self":[{"href":"https:\/\/nuhii-gmbh.ch\/index.php?rest_route=\/wp\/v2\/pages\/176","targetHints":{"allow":["GET"]}}],"collection":[{"href":"https:\/\/nuhii-gmbh.ch\/index.php?rest_route=\/wp\/v2\/pages"}],"about":[{"href":"https:\/\/nuhii-gmbh.ch\/index.php?rest_route=\/wp\/v2\/types\/page"}],"author":[{"embeddable":true,"href":"https:\/\/nuhii-gmbh.ch\/index.php?rest_route=\/wp\/v2\/users\/1"}],"replies":[{"embeddable":true,"href":"https:\/\/nuhii-gmbh.ch\/index.php?rest_route=%2Fwp%2Fv2%2Fcomments&post=176"}],"version-history":[{"count":7,"href":"https:\/\/nuhii-gmbh.ch\/index.php?rest_route=\/wp\/v2\/pages\/176\/revisions"}],"predecessor-version":[{"id":193,"href":"https:\/\/nuhii-gmbh.ch\/index.php?rest_route=\/wp\/v2\/pages\/176\/revisions\/193"}],"wp:attachment":[{"href":"https:\/\/nuhii-gmbh.ch\/index.php?rest_route=%2Fwp%2Fv2%2Fmedia&parent=176"}],"curies":[{"name":"wp","href":"https:\/\/api.w.org\/{rel}","templated":true}]}}