{"id":180,"date":"2024-03-04T22:54:08","date_gmt":"2024-03-04T22:54:08","guid":{"rendered":"https:\/\/nuhii-gmbh.ch\/?page_id=180"},"modified":"2024-03-04T23:03:38","modified_gmt":"2024-03-04T23:03:38","slug":"wohnungshausreinigung","status":"publish","type":"page","link":"https:\/\/nuhii-gmbh.ch\/?page_id=180","title":{"rendered":"Wohnungs Hausreinigung"},"content":{"rendered":"\t\t<div data-elementor-type=\"wp-page\" data-elementor-id=\"180\" class=\"elementor elementor-180\">\n\t\t\t\t\t\t<section class=\"elementor-section elementor-top-section elementor-element elementor-element-b3fdb64 elementor-section-content-top elementor-section-boxed elementor-section-height-default elementor-section-height-default\" data-id=\"b3fdb64\" data-element_type=\"section\">\n\t\t\t\t\t\t<div class=\"elementor-container elementor-column-gap-no\">\n\t\t\t\t\t<div class=\"aux-parallax-section elementor-column elementor-col-50 elementor-top-column elementor-element elementor-element-f483c62\" data-id=\"f483c62\" data-element_type=\"column\">\n\t\t\t<div class=\"elementor-widget-wrap elementor-element-populated\">\n\t\t\t\t\t\t<div class=\"elementor-element elementor-element-33d4065 aux-appear-watch-animation aux-mask-from-left elementor-widget elementor-widget-aux_image\" data-id=\"33d4065\" data-element_type=\"widget\" data-widget_type=\"aux_image.default\">\n\t\t\t\t<div class=\"elementor-widget-container\">\n\t\t\t<section class=\"widget-container aux-widget-image aux-alignnone aux-parent-auddc9bfb4\">\n    <div class=\"aux-media-hint-frame \">\n        <div class=\"aux-media-image \" >\n        \n            \n\n            \n            <img fetchpriority=\"high\" decoding=\"async\" width=\"2560\" height=\"1703\" src=\"image\/gif;base64,R0lGODlhAQABAIAAAAAAAP\/\/\/yH5BAEAAAAALAAAAAABAAEAAAIBRAA7\" class=\"aux-attachment aux-featured-image aux-attachment-id-113 aux-preload aux-blank\" alt=\"person-taking-care-office-cleaning\" data-ratio=\"1.5\" data-original-w=\"2560\" data-src=\"https:\/\/nuhii-gmbh.ch\/wp-content\/uploads\/2024\/03\/person-taking-care-office-cleaning-scaled.jpg\" \/>            \n                <\/div>\n    <\/div>\n\n<\/section><!-- widget-container -->\t\t<\/div>\n\t\t\t\t<\/div>\n\t\t\t\t\t<\/div>\n\t\t<\/div>\n\t\t\t\t<div class=\"aux-parallax-section elementor-column elementor-col-50 elementor-top-column elementor-element elementor-element-ae2b4dd\" data-id=\"ae2b4dd\" data-element_type=\"column\">\n\t\t\t<div class=\"elementor-widget-wrap elementor-element-populated\">\n\t\t\t\t\t\t<div class=\"elementor-element elementor-element-5eb6727 aux-appear-watch-animation aux-fade-in-right-1 elementor-widget elementor-widget-aux_modern_heading\" data-id=\"5eb6727\" data-element_type=\"widget\" data-widget_type=\"aux_modern_heading.default\">\n\t\t\t\t<div class=\"elementor-widget-container\">\n\t\t\t<section class=\"aux-widget-modern-heading\">\n            <div class=\"aux-widget-inner\"><h5 class=\"aux-modern-heading-primary\">Wohnungs  Hausreinigung\n<\/h5><h3 class=\"aux-modern-heading-secondary\"><span class=\"aux-head-before\">Jedes Objekt braucht regelm\u00e4ssige Pflege. Wir f\u00fchren Reinigungsarbeiten in regelm\u00e4ssigen Abst\u00e4nden, um den gew\u00fcnschten Zustand Ihres Objekts bestm\u00f6glich zu erhalten.<\/span><\/h3><div class=\"aux-modern-heading-description\"><p>Unsere Wohnungs- und Hausreinigungsdienste bieten Ihnen eine gr\u00fcndliche und professionelle Reinigung Ihrer Wohnr\u00e4ume, um ein sauberes und gesundes Umfeld f\u00fcr Sie und Ihre Familie zu schaffen. Unser erfahrenes Team verwendet hochwertige Reinigungsmittel und modernste Ausr\u00fcstung, um Staub, Schmutz und Keime effektiv zu entfernen. Wir bieten eine breite Palette von Reinigungsdiensten an, darunter die Reinigung von B\u00f6den, Badezimmern, K\u00fcchen, Schlafzimmern und Wohnbereichen. Wir passen unsere Reinigungsleistungen Ihren individuellen Bed\u00fcrfnissen und Zeitpl\u00e4nen an, um sicherzustellen, dass Sie immer ein makellos sauberes Zuhause haben. Verlassen Sie sich auf uns f\u00fcr eine zuverl\u00e4ssige und gr\u00fcndliche Reinigung, damit Sie mehr Zeit f\u00fcr die wichtigen Dinge im Leben haben<\/p><\/div><\/div>\n        <\/section>\t\t<\/div>\n\t\t\t\t<\/div>\n\t\t\t\t<div class=\"elementor-element elementor-element-ee739a1 aux-shpe-type-circle elementor-widget elementor-widget-aux_simple_shape\" data-id=\"ee739a1\" data-element_type=\"widget\" data-widget_type=\"aux_simple_shape.default\">\n\t\t\t\t<div class=\"elementor-widget-container\">\n\t\t\t    <div class=\"aux-widget-container aux-simple-shape-container\">\n        <div class=\"aux-widget-container-inner\">\n            <div class=\"aux-the-shape\"><\/div>\n        <\/div>\n    <\/div>\n    \t\t<\/div>\n\t\t\t\t<\/div>\n\t\t\t\t\t<\/div>\n\t\t<\/div>\n\t\t\t\t\t<\/div>\n\t\t<\/section>\n\t\t\t\t<\/div>\n\t\t","protected":false},"excerpt":{"rendered":"<p>Wohnungs Hausreinigung Jedes Objekt braucht regelm\u00e4ssige Pflege. Wir f\u00fchren Reinigungsarbeiten in regelm\u00e4ssigen Abst\u00e4nden, um den gew\u00fcnschten Zustand Ihres Objekts bestm\u00f6glich zu erhalten. Unsere Wohnungs- und Hausreinigungsdienste bieten Ihnen eine gr\u00fcndliche und professionelle Reinigung Ihrer Wohnr\u00e4ume, um ein sauberes und gesundes Umfeld f\u00fcr Sie und Ihre Familie zu schaffen. Unser erfahrenes Team verwendet hochwertige Reinigungsmittel und [&hellip;]<\/p>\n","protected":false},"author":1,"featured_media":0,"parent":0,"menu_order":0,"comment_status":"closed","ping_status":"closed","template":"templates\/page-builder-content.php","meta":{"footnotes":""},"class_list":["post-180","page","type-page","status-publish","hentry"],"_links":{"self":[{"href":"https:\/\/nuhii-gmbh.ch\/index.php?rest_route=\/wp\/v2\/pages\/180","targetHints":{"allow":["GET"]}}],"collection":[{"href":"https:\/\/nuhii-gmbh.ch\/index.php?rest_route=\/wp\/v2\/pages"}],"about":[{"href":"https:\/\/nuhii-gmbh.ch\/index.php?rest_route=\/wp\/v2\/types\/page"}],"author":[{"embeddable":true,"href":"https:\/\/nuhii-gmbh.ch\/index.php?rest_route=\/wp\/v2\/users\/1"}],"replies":[{"embeddable":true,"href":"https:\/\/nuhii-gmbh.ch\/index.php?rest_route=%2Fwp%2Fv2%2Fcomments&post=180"}],"version-history":[{"count":7,"href":"https:\/\/nuhii-gmbh.ch\/index.php?rest_route=\/wp\/v2\/pages\/180\/revisions"}],"predecessor-version":[{"id":205,"href":"https:\/\/nuhii-gmbh.ch\/index.php?rest_route=\/wp\/v2\/pages\/180\/revisions\/205"}],"wp:attachment":[{"href":"https:\/\/nuhii-gmbh.ch\/index.php?rest_route=%2Fwp%2Fv2%2Fmedia&parent=180"}],"curies":[{"name":"wp","href":"https:\/\/api.w.org\/{rel}","templated":true}]}}