{"id":182,"date":"2024-03-04T22:54:29","date_gmt":"2024-03-04T22:54:29","guid":{"rendered":"https:\/\/nuhii-gmbh.ch\/?page_id=182"},"modified":"2024-03-04T23:01:59","modified_gmt":"2024-03-04T23:01:59","slug":"hauswartung","status":"publish","type":"page","link":"https:\/\/nuhii-gmbh.ch\/?page_id=182","title":{"rendered":"Hauswartung"},"content":{"rendered":"\t\t<div data-elementor-type=\"wp-page\" data-elementor-id=\"182\" class=\"elementor elementor-182\">\n\t\t\t\t\t\t<section class=\"elementor-section elementor-top-section elementor-element elementor-element-b3fdb64 elementor-section-content-top elementor-section-boxed elementor-section-height-default elementor-section-height-default\" data-id=\"b3fdb64\" data-element_type=\"section\">\n\t\t\t\t\t\t<div class=\"elementor-container elementor-column-gap-no\">\n\t\t\t\t\t<div class=\"aux-parallax-section elementor-column elementor-col-50 elementor-top-column elementor-element elementor-element-f483c62\" data-id=\"f483c62\" data-element_type=\"column\">\n\t\t\t<div class=\"elementor-widget-wrap elementor-element-populated\">\n\t\t\t\t\t\t<div class=\"elementor-element elementor-element-33d4065 aux-appear-watch-animation aux-mask-from-left elementor-widget elementor-widget-aux_image\" data-id=\"33d4065\" data-element_type=\"widget\" data-widget_type=\"aux_image.default\">\n\t\t\t\t<div class=\"elementor-widget-container\">\n\t\t\t<section class=\"widget-container aux-widget-image aux-alignnone aux-parent-au524bf947\">\n    <div class=\"aux-media-hint-frame \">\n        <div class=\"aux-media-image \" >\n        \n            \n\n            \n            <img fetchpriority=\"high\" decoding=\"async\" width=\"2560\" height=\"1706\" src=\"image\/gif;base64,R0lGODlhAQABAIAAAAAAAP\/\/\/yH5BAEAAAAALAAAAAABAAEAAAIBRAA7\" class=\"aux-attachment aux-featured-image aux-attachment-id-119 aux-preload aux-blank\" alt=\"professional-cleaning-service-people-working-together-office\" data-ratio=\"1.5\" data-original-w=\"2560\" data-src=\"https:\/\/nuhii-gmbh.ch\/wp-content\/uploads\/2024\/03\/professional-cleaning-service-people-working-together-office-scaled.jpg\" \/>            \n                <\/div>\n    <\/div>\n\n<\/section><!-- widget-container -->\t\t<\/div>\n\t\t\t\t<\/div>\n\t\t\t\t\t<\/div>\n\t\t<\/div>\n\t\t\t\t<div class=\"aux-parallax-section elementor-column elementor-col-50 elementor-top-column elementor-element elementor-element-ae2b4dd\" data-id=\"ae2b4dd\" data-element_type=\"column\">\n\t\t\t<div class=\"elementor-widget-wrap elementor-element-populated\">\n\t\t\t\t\t\t<div class=\"elementor-element elementor-element-5eb6727 aux-appear-watch-animation aux-fade-in-right-1 elementor-widget elementor-widget-aux_modern_heading\" data-id=\"5eb6727\" data-element_type=\"widget\" data-widget_type=\"aux_modern_heading.default\">\n\t\t\t\t<div class=\"elementor-widget-container\">\n\t\t\t<section class=\"aux-widget-modern-heading\">\n            <div class=\"aux-widget-inner\"><h5 class=\"aux-modern-heading-primary\">Hauswartung<\/h5><h3 class=\"aux-modern-heading-secondary\"><span class=\"aux-head-before\">Wir betreuen und pflegen Ihre Liegenschaft nach Ihren W\u00fcnschen. Dazu geh\u00f6ren technische Hauswartung, Reparaturen aller Art, Schneer\u00e4umung sowie Umgebungsplege.<\/span><\/h3><div class=\"aux-modern-heading-description\"><p>Unsere Hauswartungsdienste bieten eine umfassende Betreuung und Pflege Ihrer Immobilie, um sicherzustellen, dass sie stets in bestem Zustand ist. Wir k\u00fcmmern uns um alle Aspekte der Hauswartung, einschlie\u00dflich Reinigung, Wartung und Reparaturen. Unser erfahrenes Team \u00fcberpr\u00fcft regelm\u00e4\u00dfig Ihre Immobilie, um potenzielle Probleme fr\u00fchzeitig zu erkennen und zu beheben. Wir bieten eine breite Palette von Dienstleistungen an, darunter Reinigung von Innen- und Au\u00dfenbereichen, Rasen- und Gartenpflege, Sch\u00e4dlingsbek\u00e4mpfung, kleine Reparaturen und vieles mehr. Mit unseren Hauswartungsdiensten k\u00f6nnen Sie sich entspannen und darauf vertrauen, dass Ihre Immobilie in guten H\u00e4nden ist. Kontaktieren Sie uns noch heute, um mehr \u00fcber unsere ma\u00dfgeschneiderten Hauswartungsl\u00f6sungen zu erfahren.\"<\/p><\/div><\/div>\n        <\/section>\t\t<\/div>\n\t\t\t\t<\/div>\n\t\t\t\t<div class=\"elementor-element elementor-element-ee739a1 aux-shpe-type-circle elementor-widget elementor-widget-aux_simple_shape\" data-id=\"ee739a1\" data-element_type=\"widget\" data-widget_type=\"aux_simple_shape.default\">\n\t\t\t\t<div class=\"elementor-widget-container\">\n\t\t\t    <div class=\"aux-widget-container aux-simple-shape-container\">\n        <div class=\"aux-widget-container-inner\">\n            <div class=\"aux-the-shape\"><\/div>\n        <\/div>\n    <\/div>\n    \t\t<\/div>\n\t\t\t\t<\/div>\n\t\t\t\t\t<\/div>\n\t\t<\/div>\n\t\t\t\t\t<\/div>\n\t\t<\/section>\n\t\t\t\t<\/div>\n\t\t","protected":false},"excerpt":{"rendered":"<p>Hauswartung Wir betreuen und pflegen Ihre Liegenschaft nach Ihren W\u00fcnschen. Dazu geh\u00f6ren technische Hauswartung, Reparaturen aller Art, Schneer\u00e4umung sowie Umgebungsplege. Unsere Hauswartungsdienste bieten eine umfassende Betreuung und Pflege Ihrer Immobilie, um sicherzustellen, dass sie stets in bestem Zustand ist. Wir k\u00fcmmern uns um alle Aspekte der Hauswartung, einschlie\u00dflich Reinigung, Wartung und Reparaturen. Unser erfahrenes Team [&hellip;]<\/p>\n","protected":false},"author":1,"featured_media":0,"parent":0,"menu_order":0,"comment_status":"closed","ping_status":"closed","template":"templates\/page-builder-content.php","meta":{"footnotes":""},"class_list":["post-182","page","type-page","status-publish","hentry"],"_links":{"self":[{"href":"https:\/\/nuhii-gmbh.ch\/index.php?rest_route=\/wp\/v2\/pages\/182","targetHints":{"allow":["GET"]}}],"collection":[{"href":"https:\/\/nuhii-gmbh.ch\/index.php?rest_route=\/wp\/v2\/pages"}],"about":[{"href":"https:\/\/nuhii-gmbh.ch\/index.php?rest_route=\/wp\/v2\/types\/page"}],"author":[{"embeddable":true,"href":"https:\/\/nuhii-gmbh.ch\/index.php?rest_route=\/wp\/v2\/users\/1"}],"replies":[{"embeddable":true,"href":"https:\/\/nuhii-gmbh.ch\/index.php?rest_route=%2Fwp%2Fv2%2Fcomments&post=182"}],"version-history":[{"count":4,"href":"https:\/\/nuhii-gmbh.ch\/index.php?rest_route=\/wp\/v2\/pages\/182\/revisions"}],"predecessor-version":[{"id":199,"href":"https:\/\/nuhii-gmbh.ch\/index.php?rest_route=\/wp\/v2\/pages\/182\/revisions\/199"}],"wp:attachment":[{"href":"https:\/\/nuhii-gmbh.ch\/index.php?rest_route=%2Fwp%2Fv2%2Fmedia&parent=182"}],"curies":[{"name":"wp","href":"https:\/\/api.w.org\/{rel}","templated":true}]}}