{"id":184,"date":"2024-03-04T23:06:02","date_gmt":"2024-03-04T23:06:02","guid":{"rendered":"https:\/\/nuhii-gmbh.ch\/?page_id=184"},"modified":"2024-03-04T23:06:50","modified_gmt":"2024-03-04T23:06:50","slug":"unterhaltsreinigung","status":"publish","type":"page","link":"https:\/\/nuhii-gmbh.ch\/?page_id=184","title":{"rendered":"Unterhaltsreinigung"},"content":{"rendered":"\t\t<div data-elementor-type=\"wp-page\" data-elementor-id=\"184\" class=\"elementor elementor-184\">\n\t\t\t\t\t\t<section class=\"elementor-section elementor-top-section elementor-element elementor-element-b3fdb64 elementor-section-content-top elementor-section-boxed elementor-section-height-default elementor-section-height-default\" data-id=\"b3fdb64\" data-element_type=\"section\">\n\t\t\t\t\t\t<div class=\"elementor-container elementor-column-gap-no\">\n\t\t\t\t\t<div class=\"aux-parallax-section elementor-column elementor-col-50 elementor-top-column elementor-element elementor-element-f483c62\" data-id=\"f483c62\" data-element_type=\"column\">\n\t\t\t<div class=\"elementor-widget-wrap elementor-element-populated\">\n\t\t\t\t\t\t<div class=\"elementor-element elementor-element-33d4065 aux-appear-watch-animation aux-mask-from-left elementor-widget elementor-widget-aux_image\" data-id=\"33d4065\" data-element_type=\"widget\" data-widget_type=\"aux_image.default\">\n\t\t\t\t<div class=\"elementor-widget-container\">\n\t\t\t<section class=\"widget-container aux-widget-image aux-alignnone aux-parent-au8abecea7\">\n    <div class=\"aux-media-hint-frame \">\n        <div class=\"aux-media-image \" >\n        \n            \n\n            \n            <img fetchpriority=\"high\" decoding=\"async\" width=\"2560\" height=\"1707\" src=\"image\/gif;base64,R0lGODlhAQABAIAAAAAAAP\/\/\/yH5BAEAAAAALAAAAAABAAEAAAIBRAA7\" class=\"aux-attachment aux-featured-image aux-attachment-id-207 aux-preload aux-blank\" alt=\"view-professional-cleaning-service-person-holding-supplies\" data-ratio=\"1.5\" data-original-w=\"2560\" data-src=\"https:\/\/nuhii-gmbh.ch\/wp-content\/uploads\/2024\/03\/view-professional-cleaning-service-person-holding-supplies-scaled.jpg\" \/>            \n                <\/div>\n    <\/div>\n\n<\/section><!-- widget-container -->\t\t<\/div>\n\t\t\t\t<\/div>\n\t\t\t\t\t<\/div>\n\t\t<\/div>\n\t\t\t\t<div class=\"aux-parallax-section elementor-column elementor-col-50 elementor-top-column elementor-element elementor-element-ae2b4dd\" data-id=\"ae2b4dd\" data-element_type=\"column\">\n\t\t\t<div class=\"elementor-widget-wrap elementor-element-populated\">\n\t\t\t\t\t\t<div class=\"elementor-element elementor-element-5eb6727 aux-appear-watch-animation aux-fade-in-right-1 elementor-widget elementor-widget-aux_modern_heading\" data-id=\"5eb6727\" data-element_type=\"widget\" data-widget_type=\"aux_modern_heading.default\">\n\t\t\t\t<div class=\"elementor-widget-container\">\n\t\t\t<section class=\"aux-widget-modern-heading\">\n            <div class=\"aux-widget-inner\"><h5 class=\"aux-modern-heading-primary\">Unterhaltsreinigung\n<\/h5><h3 class=\"aux-modern-heading-secondary\"><span class=\"aux-head-before\">Mit unserer Spezialausr\u00fcstung k\u00f6nnen wir Schmierereien jeder Art, schnell und umweltschonend beseitigen und Ihre Liegenschaft in neum Glanz erstrahlen lassen.<\/span><\/h3><div class=\"aux-modern-heading-description\"><p>Unsere Unterhaltsreinigungsdienste bieten Ihnen eine regelm\u00e4\u00dfige und zuverl\u00e4ssige Reinigung Ihrer Gesch\u00e4fts- oder Wohnr\u00e4ume, um ein sauberes und gepflegtes Umfeld zu erhalten. Unser erfahrenes Reinigungspersonal k\u00fcmmert sich um alle Aspekte der Reinigung, einschlie\u00dflich Staubsaugen, Wischen, Oberfl\u00e4chenreinigung, M\u00fcllentsorgung und vielem mehr. Wir arbeiten mit Ihnen zusammen, um einen Reinigungsplan zu entwickeln, der Ihren individuellen Anforderungen und Zeitpl\u00e4nen entspricht. Unsere Unterhaltsreinigungsdienste sind flexibel und anpassungsf\u00e4hig, um sicherzustellen, dass Ihre R\u00e4umlichkeiten immer sauber und einladend sind. Verlassen Sie sich auf uns, um Ihre Unterhaltsreinigung effizient und professionell zu erledigen, damit Sie sich auf Ihr Gesch\u00e4ft oder Ihr Zuhause konzentrieren k\u00f6nnen<\/p><\/div><\/div>\n        <\/section>\t\t<\/div>\n\t\t\t\t<\/div>\n\t\t\t\t<div class=\"elementor-element elementor-element-ee739a1 aux-shpe-type-circle elementor-widget elementor-widget-aux_simple_shape\" data-id=\"ee739a1\" data-element_type=\"widget\" data-widget_type=\"aux_simple_shape.default\">\n\t\t\t\t<div class=\"elementor-widget-container\">\n\t\t\t    <div class=\"aux-widget-container aux-simple-shape-container\">\n        <div class=\"aux-widget-container-inner\">\n            <div class=\"aux-the-shape\"><\/div>\n        <\/div>\n    <\/div>\n    \t\t<\/div>\n\t\t\t\t<\/div>\n\t\t\t\t\t<\/div>\n\t\t<\/div>\n\t\t\t\t\t<\/div>\n\t\t<\/section>\n\t\t\t\t<\/div>\n\t\t","protected":false},"excerpt":{"rendered":"<p>Unterhaltsreinigung Mit unserer Spezialausr\u00fcstung k\u00f6nnen wir Schmierereien jeder Art, schnell und umweltschonend beseitigen und Ihre Liegenschaft in neum Glanz erstrahlen lassen. Unsere Unterhaltsreinigungsdienste bieten Ihnen eine regelm\u00e4\u00dfige und zuverl\u00e4ssige Reinigung Ihrer Gesch\u00e4fts- oder Wohnr\u00e4ume, um ein sauberes und gepflegtes Umfeld zu erhalten. Unser erfahrenes Reinigungspersonal k\u00fcmmert sich um alle Aspekte der Reinigung, einschlie\u00dflich Staubsaugen, Wischen, [&hellip;]<\/p>\n","protected":false},"author":1,"featured_media":0,"parent":0,"menu_order":0,"comment_status":"closed","ping_status":"closed","template":"templates\/page-builder-content.php","meta":{"footnotes":""},"class_list":["post-184","page","type-page","status-publish","hentry"],"_links":{"self":[{"href":"https:\/\/nuhii-gmbh.ch\/index.php?rest_route=\/wp\/v2\/pages\/184","targetHints":{"allow":["GET"]}}],"collection":[{"href":"https:\/\/nuhii-gmbh.ch\/index.php?rest_route=\/wp\/v2\/pages"}],"about":[{"href":"https:\/\/nuhii-gmbh.ch\/index.php?rest_route=\/wp\/v2\/types\/page"}],"author":[{"embeddable":true,"href":"https:\/\/nuhii-gmbh.ch\/index.php?rest_route=\/wp\/v2\/users\/1"}],"replies":[{"embeddable":true,"href":"https:\/\/nuhii-gmbh.ch\/index.php?rest_route=%2Fwp%2Fv2%2Fcomments&post=184"}],"version-history":[{"count":4,"href":"https:\/\/nuhii-gmbh.ch\/index.php?rest_route=\/wp\/v2\/pages\/184\/revisions"}],"predecessor-version":[{"id":210,"href":"https:\/\/nuhii-gmbh.ch\/index.php?rest_route=\/wp\/v2\/pages\/184\/revisions\/210"}],"wp:attachment":[{"href":"https:\/\/nuhii-gmbh.ch\/index.php?rest_route=%2Fwp%2Fv2%2Fmedia&parent=184"}],"curies":[{"name":"wp","href":"https:\/\/api.w.org\/{rel}","templated":true}]}}